{"id":1277,"date":"2024-02-22T02:55:07","date_gmt":"2024-02-22T02:55:07","guid":{"rendered":"http:\/\/betongtayninh.com\/?page_id=1277"},"modified":"2024-07-15T07:10:06","modified_gmt":"2024-07-15T07:10:06","slug":"bao-gia","status":"publish","type":"page","link":"https:\/\/betongtayninh.com\/index.php\/contact-us\/bao-gia\/","title":{"rendered":"B\u00c1O GI\u00c1"},"content":{"rendered":"\t\t<div data-elementor-type=\"wp-page\" data-elementor-id=\"1277\" class=\"elementor elementor-1277\" data-elementor-post-type=\"page\">\n\t\t\t\t\t\t<section class=\"elementor-section elementor-top-section elementor-element elementor-element-ba3ba02 elementor-section-boxed elementor-section-height-default elementor-section-height-default\" data-id=\"ba3ba02\" data-element_type=\"section\">\n\t\t\t\t\t\t<div class=\"elementor-container elementor-column-gap-default\">\n\t\t\t\t\t<div class=\"elementor-column elementor-col-100 elementor-top-column elementor-element elementor-element-6f63067\" data-id=\"6f63067\" data-element_type=\"column\">\n\t\t\t<div class=\"elementor-widget-wrap elementor-element-populated\">\n\t\t\t\t\t\t<div class=\"elementor-element elementor-element-0abc0dd elementor-widget elementor-widget-image\" data-id=\"0abc0dd\" data-element_type=\"widget\" data-widget_type=\"image.default\">\n\t\t\t\t<div class=\"elementor-widget-container\">\n\t\t\t\t\t\t\t\t\t\t\t\t\t\t\t<img decoding=\"async\" src=\"https:\/\/betongtayninh.com\/wp-content\/uploads\/2024\/03\/nhan-bao-gia-500x154-1.png\" title=\"nh\u1eadn b\u00e1o gi\u00e1 500&#215;154\" alt=\"nh\u1eadn b\u00e1o gi\u00e1 500x154\" loading=\"lazy\" \/>\t\t\t\t\t\t\t\t\t\t\t\t\t\t\t<\/div>\n\t\t\t\t<\/div>\n\t\t\t\t<div class=\"elementor-element elementor-element-0f00939 elementor-widget__width-initial elementor-widget elementor-widget-text-editor\" data-id=\"0f00939\" data-element_type=\"widget\" data-widget_type=\"text-editor.default\">\n\t\t\t\t<div class=\"elementor-widget-container\">\n\t\t\t\t\t\t\t\t\t<h4 class=\"elementor-heading-title elementor-size-default elementor-inline-editing pen\" style=\"font-size: var(--h3fontsize); font-weight: var(--h3fontweight); font-family: Arial, Helvetica, sans-serif, Arial, Helvetica, sans-serif; letter-spacing: normal; text-transform: none; text-align: center;\" data-elementor-setting-key=\"title\" data-pen-placeholder=\"G\u00f5 v\u00e0o \u0111\u00e2y...\">C\u00f4ng Ty CP B\u00ea T\u00f4ng T\u00e2y Ninh &#8211; \u0110\u01a1n v\u1ecb chuy\u00ean s\u1ea3n xu\u1ea5t, cung c\u1ea5p b\u00ea t\u00f4ng<br \/>th\u01b0\u01a1ng ph\u1ea9m ch\u1ea5t l\u01b0\u1ee3ng \u0111\u1ea1t ti\u00eau chu\u1ea9n.<\/h4>\t\t\t\t\t\t\t\t<\/div>\n\t\t\t\t<\/div>\n\t\t\t\t\t<\/div>\n\t\t<\/div>\n\t\t\t\t\t<\/div>\n\t\t<\/section>\n\t\t\t\t<section class=\"elementor-section elementor-top-section elementor-element elementor-element-3b7bcfb elementor-section-boxed elementor-section-height-default elementor-section-height-default\" data-id=\"3b7bcfb\" data-element_type=\"section\">\n\t\t\t\t\t\t<div class=\"elementor-container elementor-column-gap-default\">\n\t\t\t\t\t<div class=\"elementor-column elementor-col-100 elementor-top-column elementor-element elementor-element-6203280\" data-id=\"6203280\" data-element_type=\"column\">\n\t\t\t<div class=\"elementor-widget-wrap elementor-element-populated\">\n\t\t\t\t\t\t<div class=\"elementor-element elementor-element-3121e5b elementor-widget elementor-widget-google_maps\" data-id=\"3121e5b\" data-element_type=\"widget\" data-widget_type=\"google_maps.default\">\n\t\t\t\t<div class=\"elementor-widget-container\">\n\t\t\t\t\t\t\t<div class=\"elementor-custom-embed\">\n\t\t\t<iframe loading=\"lazy\"\n\t\t\t\t\tsrc=\"https:\/\/maps.google.com\/maps?q=530%20%C4%91%C6%B0%E1%BB%9Dng%2030%20th%C3%A1ng%204%2C%20ph%C6%B0%E1%BB%9Dng%203%2C%20th%C3%A0nh%20ph%E1%BB%91%20t%C3%A2y%20ninh%2C%20t%E1%BB%89nh%20t%C3%A2y%20ninh&#038;t=m&#038;z=20&#038;output=embed&#038;iwloc=near\"\n\t\t\t\t\ttitle=\"530 \u0111\u01b0\u1eddng 30 th\u00e1ng 4, ph\u01b0\u1eddng 3, th\u00e0nh ph\u1ed1 t\u00e2y ninh, t\u1ec9nh t\u00e2y ninh\"\n\t\t\t\t\taria-label=\"530 \u0111\u01b0\u1eddng 30 th\u00e1ng 4, ph\u01b0\u1eddng 3, th\u00e0nh ph\u1ed1 t\u00e2y ninh, t\u1ec9nh t\u00e2y ninh\"\n\t\t\t><\/iframe>\n\t\t<\/div>\n\t\t\t\t\t\t<\/div>\n\t\t\t\t<\/div>\n\t\t\t\t\t<\/div>\n\t\t<\/div>\n\t\t\t\t\t<\/div>\n\t\t<\/section>\n\t\t\t\t<section class=\"elementor-section elementor-top-section elementor-element elementor-element-57d0869 elementor-section-boxed elementor-section-height-default elementor-section-height-default\" data-id=\"57d0869\" data-element_type=\"section\">\n\t\t\t\t\t\t<div class=\"elementor-container elementor-column-gap-default\">\n\t\t\t\t\t<div class=\"elementor-column elementor-col-50 elementor-top-column elementor-element elementor-element-b150d20\" data-id=\"b150d20\" data-element_type=\"column\">\n\t\t\t<div class=\"elementor-widget-wrap elementor-element-populated\">\n\t\t\t\t\t\t<div class=\"elementor-element elementor-element-2ce6e49 elementor-widget elementor-widget-text-editor\" data-id=\"2ce6e49\" data-element_type=\"widget\" data-widget_type=\"text-editor.default\">\n\t\t\t\t<div class=\"elementor-widget-container\">\n\t\t\t\t\t\t\t\t\t<p><strong>Th\u00f4ng tin li\u00ean h\u1ec7:<br \/><\/strong><span style=\"color: var(--nv-text-color); font-family: var(--bodyfontfamily),var(--nv-fallback-ff); font-size: var(--bodyfontsize); letter-spacing: var(--bodyletterspacing); text-transform: var(--bodytexttransform); background-color: var(--nv-site-bg);\"><b>C\u00d4NG TY CP B\u00ca T\u00d4NG T\u00c2Y NINH<br \/><\/b><\/span><span style=\"background-color: var(--nv-site-bg); color: var(--nv-text-color); font-family: var(--bodyfontfamily),var(--nv-fallback-ff); font-size: var(--bodyfontsize); letter-spacing: var(--bodyletterspacing); text-transform: var(--bodytexttransform);\"><strong>\u0110\u1ecba ch\u1ec9: s\u1ed1 530 \u0111\u01b0\u1eddng 30 th\u00e1ng 4, ph\u01b0\u1eddng 3, T.ph\u1ed1 T\u00e2y Ninh, t\u1ec9nh T\u00e2y Ninh.<\/strong><br \/><\/span><strong style=\"background-color: var(--nv-site-bg); color: var(--nv-text-color); font-family: var(--bodyfontfamily),var(--nv-fallback-ff); font-size: var(--bodyfontsize); letter-spacing: var(--bodyletterspacing); text-transform: var(--bodytexttransform);\">Kinh doanh: 093 741 8861.<br \/>Kinh doanh: B\u1ebfn C\u1ea7u &#8211; G\u00f2 D\u1ea7u &#8211; Tr\u1ea3ng B\u00e0ng: 093 306 8944.<br \/><\/strong><strong style=\"background-color: var(--nv-site-bg); color: var(--nv-text-color); font-family: var(--bodyfontfamily),var(--nv-fallback-ff); font-size: var(--bodyfontsize); letter-spacing: var(--bodyletterspacing); text-transform: var(--bodytexttransform);\">Hotline (Zalo): 0908 666 400.<br \/><\/strong><strong style=\"background-color: var(--nv-site-bg); color: var(--nv-text-color); font-family: var(--bodyfontfamily),var(--nv-fallback-ff); font-size: var(--bodyfontsize); letter-spacing: var(--bodyletterspacing); text-transform: var(--bodytexttransform);\">Email: betongtayninh.jsc@gmail.com.<br \/><\/strong><strong style=\"background-color: var(--nv-site-bg); color: var(--nv-text-color); font-family: var(--bodyfontfamily),var(--nv-fallback-ff); font-size: var(--bodyfontsize); letter-spacing: var(--bodyletterspacing); text-transform: var(--bodytexttransform);\">Website: www.betongtayninh.com<br \/><\/strong><strong style=\"background-color: var(--nv-site-bg); color: var(--nv-text-color); font-family: var(--bodyfontfamily),var(--nv-fallback-ff); font-size: var(--bodyfontsize); letter-spacing: var(--bodyletterspacing); text-transform: var(--bodytexttransform);\">Facebook: www.facebook.com\/betongtayninhBTTN<\/strong><strong style=\"background-color: var(--nv-site-bg); color: var(--nv-text-color); font-family: var(--bodyfontfamily),var(--nv-fallback-ff); font-size: var(--bodyfontsize); letter-spacing: var(--bodyletterspacing); text-transform: var(--bodytexttransform);\"><br \/><\/strong><\/p>\t\t\t\t\t\t\t\t<\/div>\n\t\t\t\t<\/div>\n\t\t\t\t\t<\/div>\n\t\t<\/div>\n\t\t\t\t<div class=\"elementor-column elementor-col-50 elementor-top-column elementor-element elementor-element-3969d19\" data-id=\"3969d19\" data-element_type=\"column\">\n\t\t\t<div class=\"elementor-widget-wrap elementor-element-populated\">\n\t\t\t\t\t\t<div class=\"elementor-element elementor-element-f3f48c8 elementor-widget elementor-widget-wpforms\" data-id=\"f3f48c8\" data-element_type=\"widget\" data-widget_type=\"wpforms.default\">\n\t\t\t\t<div class=\"elementor-widget-container\">\n\t\t\t\t\t<div class=\"wpforms-container \" id=\"wpforms-2057\"><form id=\"wpforms-form-2057\" class=\"wpforms-validate wpforms-form wpforms-ajax-form\" data-formid=\"2057\" method=\"post\" enctype=\"multipart\/form-data\" action=\"\/index.php\/wp-json\/wp\/v2\/pages\/1277\" data-token=\"96d9bd2bf3f85a253aff501735f8713e\" data-token-time=\"1777384271\"><noscript class=\"wpforms-error-noscript\">Vui l\u00f2ng b\u1eadt JavaScript trong tr\u00ecnh duy\u1ec7t c\u1ee7a b\u1ea1n \u0111\u1ec3 ho\u00e0n th\u00e0nh Form n\u00e0y.<\/noscript><div class=\"wpforms-field-container\"><div id=\"wpforms-2057-field_1-container\" class=\"wpforms-field wpforms-field-text\" data-field-id=\"1\"><label class=\"wpforms-field-label\" for=\"wpforms-2057-field_1\">Ti\u00eau \u0111\u1ec1<\/label><input type=\"text\" id=\"wpforms-2057-field_1\" class=\"wpforms-field-medium\" name=\"wpforms[fields][1]\" ><\/div><div id=\"wpforms-2057-field_4-container\" class=\"wpforms-field wpforms-field-text\" data-field-id=\"4\"><label class=\"wpforms-field-label\" for=\"wpforms-2057-field_4\">T\u00ean kh\u00e1ch h\u00e0ng <span class=\"wpforms-required-label\">*<\/span><\/label><input type=\"text\" id=\"wpforms-2057-field_4\" class=\"wpforms-field-medium wpforms-field-required\" name=\"wpforms[fields][4]\" required><\/div><div id=\"wpforms-2057-field_5-container\" class=\"wpforms-field wpforms-field-number\" data-field-id=\"5\"><label class=\"wpforms-field-label\" for=\"wpforms-2057-field_5\">S\u1ed1 \u0111i\u1ec7n tho\u1ea1i <span class=\"wpforms-required-label\">*<\/span><\/label><input type=\"number\" id=\"wpforms-2057-field_5\" class=\"wpforms-field-medium wpforms-field-required\" name=\"wpforms[fields][5]\" step=\"any\" required><\/div><div id=\"wpforms-2057-field_6-container\" class=\"wpforms-field wpforms-field-email\" data-field-id=\"6\"><label class=\"wpforms-field-label\" for=\"wpforms-2057-field_6\">Email <span class=\"wpforms-required-label\">*<\/span><\/label><input type=\"email\" id=\"wpforms-2057-field_6\" class=\"wpforms-field-medium wpforms-field-required\" name=\"wpforms[fields][6]\" spellcheck=\"false\" required><\/div><div id=\"wpforms-2057-field_7-container\" class=\"wpforms-field wpforms-field-textarea\" data-field-id=\"7\"><label class=\"wpforms-field-label\" for=\"wpforms-2057-field_7\">N\u1ed9i dung th\u00eam<\/label><textarea id=\"wpforms-2057-field_7\" class=\"wpforms-field-medium\" name=\"wpforms[fields][7]\" placeholder=\"Nh\u1eadp t\u1ea1i \u0111\u00e2y ...\" ><\/textarea><\/div><\/div><!-- .wpforms-field-container --><div class=\"wpforms-submit-container\" ><input type=\"hidden\" name=\"wpforms[id]\" value=\"2057\"><input type=\"hidden\" name=\"page_title\" value=\"\"><input type=\"hidden\" name=\"page_url\" value=\"https:\/\/betongtayninh.com\/index.php\/wp-json\/wp\/v2\/pages\/1277\"><input type=\"hidden\" name=\"url_referer\" value=\"\"><button type=\"submit\" name=\"wpforms[submit]\" id=\"wpforms-submit-2057\" class=\"wpforms-submit\" data-alt-text=\"Sending...\" data-submit-text=\"\u0110\u0102NG K\u00dd NGAY\" aria-live=\"assertive\" value=\"wpforms-submit\">\u0110\u0102NG K\u00dd NGAY<\/button><img decoding=\"async\" src=\"https:\/\/betongtayninh.com\/wp-content\/plugins\/wpforms-lite\/assets\/images\/submit-spin.svg\" class=\"wpforms-submit-spinner\" style=\"display: none;\" width=\"26\" height=\"26\" alt=\"\u0110ang t\u1ea3i\"><\/div><\/form><\/div>  <!-- .wpforms-container -->\t\t\t\t<\/div>\n\t\t\t\t<\/div>\n\t\t\t\t\t<\/div>\n\t\t<\/div>\n\t\t\t\t\t<\/div>\n\t\t<\/section>\n\t\t\t\t<\/div>\n\t\t","protected":false},"excerpt":{"rendered":"<p>C\u00f4ng Ty CP B\u00ea T\u00f4ng T\u00e2y Ninh &#8211; \u0110\u01a1n v\u1ecb chuy\u00ean s\u1ea3n xu\u1ea5t, cung c\u1ea5p b\u00ea t\u00f4ngth\u01b0\u01a1ng ph\u1ea9m ch\u1ea5t l\u01b0\u1ee3ng \u0111\u1ea1t ti\u00eau chu\u1ea9n. Th\u00f4ng tin li\u00ean h\u1ec7:C\u00d4NG TY CP B\u00ca T\u00d4NG T\u00c2Y NINH\u0110\u1ecba ch\u1ec9: s\u1ed1 530 \u0111\u01b0\u1eddng 30 th\u00e1ng 4, ph\u01b0\u1eddng 3, T.ph\u1ed1 T\u00e2y Ninh, t\u1ec9nh T\u00e2y Ninh.Kinh doanh: 093 741 8861.Kinh doanh: B\u1ebfn C\u1ea7u [&hellip;]<\/p>\n","protected":false},"author":2,"featured_media":0,"parent":73,"menu_order":0,"comment_status":"closed","ping_status":"closed","template":"page-templates\/template-pagebuilder-full-width.php","meta":{"site-sidebar-layout":"default","site-content-layout":"","ast-site-content-layout":"","site-content-style":"default","site-sidebar-style":"default","ast-global-header-display":"","ast-banner-title-visibility":"","ast-main-header-display":"","ast-hfb-above-header-display":"","ast-hfb-below-header-display":"","ast-hfb-mobile-header-display":"","site-post-title":"","ast-breadcrumbs-content":"","ast-featured-img":"","footer-sml-layout":"","theme-transparent-header-meta":"","adv-header-id-meta":"","stick-header-meta":"","header-above-stick-meta":"","header-main-stick-meta":"","header-below-stick-meta":"","astra-migrate-meta-layouts":"default","ast-page-background-enabled":"default","ast-page-background-meta":{"desktop":{"background-color":"","background-image":"","background-repeat":"repeat","background-position":"center center","background-size":"auto","background-attachment":"scroll","background-type":"","background-media":"","overlay-type":"","overlay-color":"","overlay-opacity":"","overlay-gradient":""},"tablet":{"background-color":"","background-image":"","background-repeat":"repeat","background-position":"center center","background-size":"auto","background-attachment":"scroll","background-type":"","background-media":"","overlay-type":"","overlay-color":"","overlay-opacity":"","overlay-gradient":""},"mobile":{"background-color":"","background-image":"","background-repeat":"repeat","background-position":"center center","background-size":"auto","background-attachment":"scroll","background-type":"","background-media":"","overlay-type":"","overlay-color":"","overlay-opacity":"","overlay-gradient":""}},"ast-content-background-meta":{"desktop":{"background-color":"var(--ast-global-color-5)","background-image":"","background-repeat":"repeat","background-position":"center center","background-size":"auto","background-attachment":"scroll","background-type":"","background-media":"","overlay-type":"","overlay-color":"","overlay-opacity":"","overlay-gradient":""},"tablet":{"background-color":"var(--ast-global-color-5)","background-image":"","background-repeat":"repeat","background-position":"center center","background-size":"auto","background-attachment":"scroll","background-type":"","background-media":"","overlay-type":"","overlay-color":"","overlay-opacity":"","overlay-gradient":""},"mobile":{"background-color":"var(--ast-global-color-5)","background-image":"","background-repeat":"repeat","background-position":"center center","background-size":"auto","background-attachment":"scroll","background-type":"","background-media":"","overlay-type":"","overlay-color":"","overlay-opacity":"","overlay-gradient":""}},"_ti_tpc_template_sync":false,"_ti_tpc_template_id":"","footnotes":""},"class_list":["post-1277","page","type-page","status-publish","hentry"],"_links":{"self":[{"href":"https:\/\/betongtayninh.com\/index.php\/wp-json\/wp\/v2\/pages\/1277","targetHints":{"allow":["GET"]}}],"collection":[{"href":"https:\/\/betongtayninh.com\/index.php\/wp-json\/wp\/v2\/pages"}],"about":[{"href":"https:\/\/betongtayninh.com\/index.php\/wp-json\/wp\/v2\/types\/page"}],"author":[{"embeddable":true,"href":"https:\/\/betongtayninh.com\/index.php\/wp-json\/wp\/v2\/users\/2"}],"replies":[{"embeddable":true,"href":"https:\/\/betongtayninh.com\/index.php\/wp-json\/wp\/v2\/comments?post=1277"}],"version-history":[{"count":46,"href":"https:\/\/betongtayninh.com\/index.php\/wp-json\/wp\/v2\/pages\/1277\/revisions"}],"predecessor-version":[{"id":2256,"href":"https:\/\/betongtayninh.com\/index.php\/wp-json\/wp\/v2\/pages\/1277\/revisions\/2256"}],"up":[{"embeddable":true,"href":"https:\/\/betongtayninh.com\/index.php\/wp-json\/wp\/v2\/pages\/73"}],"wp:attachment":[{"href":"https:\/\/betongtayninh.com\/index.php\/wp-json\/wp\/v2\/media?parent=1277"}],"curies":[{"name":"wp","href":"https:\/\/api.w.org\/{rel}","templated":true}]}}